{"id":16,"date":"2020-09-02T17:39:48","date_gmt":"2020-09-02T16:39:48","guid":{"rendered":"http:\/\/g-informatique33.fr\/wordpress-sp33270\/?page_id=16"},"modified":"2020-12-12T18:08:04","modified_gmt":"2020-12-12T17:08:04","slug":"documents-a-fournir-pour-obtenir-laide","status":"publish","type":"page","link":"http:\/\/g-informatique33.fr\/wordpress-sp33270\/documents-a-fournir-pour-obtenir-laide\/","title":{"rendered":"Documents \u00e0 fournir pour obtenir l&rsquo;aide"},"content":{"rendered":"<p>QUE FAUT-IL PRESENTER pour BENEFICIER de notre AIDE\u00a0?<\/p>\n<ul>\n<li>si possible , mais pas obligatoire, une demande d\u2019aide d\u2019assistance sociale (MDSI\u00a0, MAIRIE, CRAMA) plus celle du tuteur ou du curateur s\u2019il y a lieu<\/li>\n<li>votre livret de famille<\/li>\n<li>votre carte d\u2019assur\u00e9 social ou de CMU<\/li>\n<\/ul>\n<p>Vos attestations de ressources\u00a0:<\/p>\n<ul>\n<li>vos trois derniers bulletins de salaires<\/li>\n<li>vos trois derniers bulletins d\u2019Ass\u00e9dic, Retraite, Pension<\/li>\n<li>de bourses d\u2019\u00e9tudes<\/li>\n<li>vos relev\u00e9s CAF ( AF,APL, RSA)<\/li>\n<li>pension alimentaire ( jugement de divorce)<\/li>\n<\/ul>\n<p>Les justificatifs de d\u00e9penses\u00a0:<\/p>\n<ul>\n<li>appel de loyer et charges associ\u00e9es<\/li>\n<li>pension alimentaire (jugement de divorce)<\/li>\n<li>votre avis d\u2019imposition<\/li>\n<\/ul>\n<p>une b\u00e9n\u00e9vole sera \u00e0 votre \u00e9coute dans la plus grande discr\u00e9tion<\/p>\n<p>le lundi apr\u00e8s-midi de 14 h \u00e0 16 h 30 et le jeudi matin de 9 h \u00e0 11 h 30<\/p>\n<p>Si\u00a0 votre dossier est accept\u00e9 , vous pouvez b\u00e9n\u00e9ficier\u00a0;<\/p>\n<ul>\n<li>d\u2019un colis alimentaire toutes les semaines ou tous les quinze jours suivant votre quotient familial<\/li>\n<li>d\u2019aide pour les vacances familiales ou pour les enfants de 8 \u00e0 12 ans<\/li>\n<li>d\u2019aide pour les cours de danse et de musique pour les enfants inscrits dans ces \u00e9coles de Floirac\u00a0 ainsi que pour le sport<\/li>\n<li>d\u2019un colis de No\u00ebl<\/li>\n<li>de jouets pour les enfants jusqu\u2019\u00e0 8 ans .<\/li>\n<\/ul>\n<p>D\u2019autre part si vous \u00eates en ch\u00f4mage le comit\u00e9 vous apporte son aide pour vos rapports avec les organismes officiels pour la recherche d\u2019emploi.<\/p>\n","protected":false},"excerpt":{"rendered":"<p>QUE FAUT-IL PRESENTER pour BENEFICIER de notre AIDE\u00a0? si possible , mais pas obligatoire, une demande d\u2019aide d\u2019assistance sociale (MDSI\u00a0, MAIRIE, CRAMA) plus celle du tuteur ou du curateur s\u2019il y a lieu votre livret de famille votre carte d\u2019assur\u00e9 &hellip; <a href=\"http:\/\/g-informatique33.fr\/wordpress-sp33270\/documents-a-fournir-pour-obtenir-laide\/\">Continuer la lecture <span class=\"meta-nav\">&rarr;<\/span><\/a><\/p>\n","protected":false},"author":1,"featured_media":0,"parent":0,"menu_order":0,"comment_status":"closed","ping_status":"closed","template":"","meta":[],"_links":{"self":[{"href":"http:\/\/g-informatique33.fr\/wordpress-sp33270\/wp-json\/wp\/v2\/pages\/16"}],"collection":[{"href":"http:\/\/g-informatique33.fr\/wordpress-sp33270\/wp-json\/wp\/v2\/pages"}],"about":[{"href":"http:\/\/g-informatique33.fr\/wordpress-sp33270\/wp-json\/wp\/v2\/types\/page"}],"author":[{"embeddable":true,"href":"http:\/\/g-informatique33.fr\/wordpress-sp33270\/wp-json\/wp\/v2\/users\/1"}],"replies":[{"embeddable":true,"href":"http:\/\/g-informatique33.fr\/wordpress-sp33270\/wp-json\/wp\/v2\/comments?post=16"}],"version-history":[{"count":2,"href":"http:\/\/g-informatique33.fr\/wordpress-sp33270\/wp-json\/wp\/v2\/pages\/16\/revisions"}],"predecessor-version":[{"id":90,"href":"http:\/\/g-informatique33.fr\/wordpress-sp33270\/wp-json\/wp\/v2\/pages\/16\/revisions\/90"}],"wp:attachment":[{"href":"http:\/\/g-informatique33.fr\/wordpress-sp33270\/wp-json\/wp\/v2\/media?parent=16"}],"curies":[{"name":"wp","href":"https:\/\/api.w.org\/{rel}","templated":true}]}}