{"id":18,"date":"2020-09-02T17:40:11","date_gmt":"2020-09-02T16:40:11","guid":{"rendered":"http:\/\/g-informatique33.fr\/wordpress-sp33270\/?page_id=18"},"modified":"2021-12-13T17:37:54","modified_gmt":"2021-12-13T16:37:54","slug":"action-internationale","status":"publish","type":"page","link":"http:\/\/g-informatique33.fr\/wordpress-sp33270\/action-internationale\/","title":{"rendered":"Action internationale"},"content":{"rendered":"<p>actions<\/p>\n<p>* fournitures scolaires \u00e0 un \u00e9tablissement au BURKINA FASO<\/p>\n<p>* fournitures scolaires \u00e0 l&rsquo;\u00e9cole publique du village de KAYA PARMAKAK au CAMEROUN<\/p>\n<p>* fournitures scolaires \u00e0 un village de CENTRE AFRIQUE<\/p>\n<p>* fournitures scolaires \u00e0 un village MAROCAIN<\/p>\n<p>* fournitures scolaires et v\u00eatements pour enfants \u00e0 UN ORPHELINAT au CAMBODGE par l&rsquo;interm\u00e9diaire de l&rsquo;association OSTEOCAM<\/p>\n","protected":false},"excerpt":{"rendered":"<p>actions * fournitures scolaires \u00e0 un \u00e9tablissement au BURKINA FASO * fournitures scolaires \u00e0 l&rsquo;\u00e9cole publique du village de KAYA PARMAKAK au CAMEROUN * fournitures scolaires \u00e0 un village de CENTRE AFRIQUE * fournitures scolaires \u00e0 un village MAROCAIN * &hellip; <a href=\"http:\/\/g-informatique33.fr\/wordpress-sp33270\/action-internationale\/\">Continuer la lecture <span class=\"meta-nav\">&rarr;<\/span><\/a><\/p>\n","protected":false},"author":1,"featured_media":0,"parent":0,"menu_order":0,"comment_status":"closed","ping_status":"closed","template":"","meta":[],"_links":{"self":[{"href":"http:\/\/g-informatique33.fr\/wordpress-sp33270\/wp-json\/wp\/v2\/pages\/18"}],"collection":[{"href":"http:\/\/g-informatique33.fr\/wordpress-sp33270\/wp-json\/wp\/v2\/pages"}],"about":[{"href":"http:\/\/g-informatique33.fr\/wordpress-sp33270\/wp-json\/wp\/v2\/types\/page"}],"author":[{"embeddable":true,"href":"http:\/\/g-informatique33.fr\/wordpress-sp33270\/wp-json\/wp\/v2\/users\/1"}],"replies":[{"embeddable":true,"href":"http:\/\/g-informatique33.fr\/wordpress-sp33270\/wp-json\/wp\/v2\/comments?post=18"}],"version-history":[{"count":3,"href":"http:\/\/g-informatique33.fr\/wordpress-sp33270\/wp-json\/wp\/v2\/pages\/18\/revisions"}],"predecessor-version":[{"id":146,"href":"http:\/\/g-informatique33.fr\/wordpress-sp33270\/wp-json\/wp\/v2\/pages\/18\/revisions\/146"}],"wp:attachment":[{"href":"http:\/\/g-informatique33.fr\/wordpress-sp33270\/wp-json\/wp\/v2\/media?parent=18"}],"curies":[{"name":"wp","href":"https:\/\/api.w.org\/{rel}","templated":true}]}}