{"id":20,"date":"2020-09-02T17:42:30","date_gmt":"2020-09-02T16:42:30","guid":{"rendered":"http:\/\/g-informatique33.fr\/wordpress-sp33270\/?page_id=20"},"modified":"2021-03-01T10:06:33","modified_gmt":"2021-03-01T09:06:33","slug":"chorale","status":"publish","type":"page","link":"http:\/\/g-informatique33.fr\/wordpress-sp33270\/chorale\/","title":{"rendered":"Chorale"},"content":{"rendered":"<p>la chorale a \u00e9t\u00e9 cr\u00e9\u00e9e en 2006 \u00e0 l&rsquo;occasion de la f\u00eate organis\u00e9e par la f\u00e9d\u00e9ration \u00e0 Floirac<\/p>\n<p>pour l&rsquo;anniversaire des 70 ans des cong\u00e9s pay\u00e9s, elle se produit lors des bals organis\u00e9s<\/p>\n<p>pour les seniors dans la salle Lucie Aubrac \u00e0 Floirac<\/p>\n<p><strong>en 2013 la chorale a enregistr\u00e9 un CD de 9 chansons dont \u00ab\u00a0J&rsquo;aime ma ville\u00a0\u00bb chanson appr\u00e9ci\u00e9e des Floiracais<\/strong><\/p>\n<p><strong>(paroles de Gilbert Bodin \u00a0et arrangement musical de Fran\u00e7ois Giagnorio)<\/strong><\/p>\n<p><strong>\u00e9galement un DVD avec des images de Floirac de Hier et d&rsquo;Aujourd&rsquo;hui et \u00e9galement le clip de la chanson<\/strong><\/p>\n<p><strong>\u00a0\u00bb j&rsquo;aime\u00a0<\/strong><strong>ma ville \u00ab\u00a0<\/strong><\/p>\n<p><b>le CD est \u00e9puis\u00e9 mais l&rsquo;achat du DVD est toujours possible au prix de 5 \u20ac<\/b><\/p>\n<p><strong>il peut \u00eatre vendu au local du comit\u00e9 , 1 rue Diderot \u00e0 Floirac le lundi matin entre 9 h et 12 h ou d\u00e9pos\u00e9 dans la bo\u00eete \u00e0 lettre de l&rsquo;acheteur apr\u00e8s paiement.<\/strong><\/p>\n<p>Petit lexique pour la chanson \u00a0\u00bb J&rsquo;aime ma ville\u00a0\u00bb<\/p>\n<p>* le castel \u00e0 Floirac est situ\u00e9 dans le grand parc public o\u00f9 les mari\u00e9s viennent se faire photographier<\/p>\n<p>* la cit\u00e9 ouvri\u00e8re: ensemble d&rsquo;habitations construites par Sacilor dans les ann\u00e9es 30 pour loger les ouvriers<\/p>\n<p>* le bourrier \u00e9tait un terrain vague o\u00f9 les gosses s&rsquo;amusaient avant la deuxi\u00e8me guerre mondiale, la piscine municipale<\/p>\n<p>et la salle Lucie Aubrac ont \u00e9t\u00e9 construits sur cet emplacement<\/p>\n<p>* avant que la piscine municipale soit construite les enfants s&rsquo;y baignaient dans les deux \u00e9tangs de la commune<\/p>\n<p>* \u00e9vocation des \u00e9migr\u00e9s, en grande partie espagnole, environ 30% de la population<\/p>\n<p>* r\u00e9f\u00e9rence \u00e0 la Burthe, immense et magnifique parc municipal<\/p>\n<p>* de nouvelles migrations ont amen\u00e9 beaucoup d&rsquo;Africains notamment des Marocains\u00a0\u00bb on y entend d&rsquo;autres<\/p>\n<p>langues du monde, des enfants \u00a0blonds, bruns, font la ronde&#8230;.\u00a0\u00bb il y a maintenant 25 nationalit\u00e9s sur la commune<\/p>\n<p>* r\u00e9f\u00e9rences \u00e0 Jaur\u00e8s, Pasteur, Blum, Curie , il s&rsquo;agit des noms des \u00e9tablissements scolaires publics de la ville<\/p>\n<p>mais l&rsquo;arrangement musical n&rsquo;a pas permis d&rsquo;ajouter Aragon et Camus.<\/p>\n<p>* aubade \u00e0 Lucie Aubrac , la ville a d\u00e9cid\u00e9 que la salle de spectacle porterait le nom de cette grande r\u00e9sistante qui<\/p>\n<p>d&rsquo;ailleurs en tant que membre du comit\u00e9 national du Secours Populaire Fran\u00e7ais avait initi\u00e9 la journ\u00e9e des oubli\u00e9s<\/p>\n<p>des vacances, action toujours r\u00e9alis\u00e9e tous les \u00e9t\u00e9 pour que les enfants profitent d&rsquo;une journ\u00e9e au bord de la mer<\/p>\n<p>(c&rsquo;est dans cette salle que notre comit\u00e9 organise ses braderies et ses apr\u00e8s-midi dansants)<\/p>\n<p><strong>En 2019 vu l&rsquo;\u00e2ge de ses membres la chorale a du cesser ses prestations dans les deux apr\u00e8s-midi dansants annuels salle Lucie AUBRAC et dans les maisons de retraite o\u00f9 elle se produisait de temps en temps<\/strong><\/p>\n<p><img loading=\"lazy\" class=\"alignnone wp-image-127 size-full\" src=\"http:\/\/g-informatique33.fr\/wordpress-sp33270\/wp-content\/uploads\/2021\/03\/dsc00660-b-copier.jpg\" alt=\"\" width=\"600\" height=\"338\" srcset=\"http:\/\/g-informatique33.fr\/wordpress-sp33270\/wp-content\/uploads\/2021\/03\/dsc00660-b-copier.jpg 600w, http:\/\/g-informatique33.fr\/wordpress-sp33270\/wp-content\/uploads\/2021\/03\/dsc00660-b-copier-300x169.jpg 300w, http:\/\/g-informatique33.fr\/wordpress-sp33270\/wp-content\/uploads\/2021\/03\/dsc00660-b-copier-500x282.jpg 500w\" sizes=\"(max-width: 600px) 100vw, 600px\" \/><\/p>\n<p><img loading=\"lazy\" class=\"alignnone wp-image-128 size-full\" src=\"http:\/\/g-informatique33.fr\/wordpress-sp33270\/wp-content\/uploads\/2021\/03\/dsc00668-b-copier.jpg\" alt=\"\" width=\"600\" height=\"338\" srcset=\"http:\/\/g-informatique33.fr\/wordpress-sp33270\/wp-content\/uploads\/2021\/03\/dsc00668-b-copier.jpg 600w, http:\/\/g-informatique33.fr\/wordpress-sp33270\/wp-content\/uploads\/2021\/03\/dsc00668-b-copier-300x169.jpg 300w, http:\/\/g-informatique33.fr\/wordpress-sp33270\/wp-content\/uploads\/2021\/03\/dsc00668-b-copier-500x282.jpg 500w\" sizes=\"(max-width: 600px) 100vw, 600px\" \/><\/p>\n<p><img loading=\"lazy\" class=\"alignnone wp-image-130 size-full\" src=\"http:\/\/g-informatique33.fr\/wordpress-sp33270\/wp-content\/uploads\/2021\/03\/dsc00666-copier.jpg\" alt=\"\" width=\"600\" height=\"338\" srcset=\"http:\/\/g-informatique33.fr\/wordpress-sp33270\/wp-content\/uploads\/2021\/03\/dsc00666-copier.jpg 600w, http:\/\/g-informatique33.fr\/wordpress-sp33270\/wp-content\/uploads\/2021\/03\/dsc00666-copier-300x169.jpg 300w, http:\/\/g-informatique33.fr\/wordpress-sp33270\/wp-content\/uploads\/2021\/03\/dsc00666-copier-500x282.jpg 500w\" sizes=\"(max-width: 600px) 100vw, 600px\" \/><\/p>\n<p><img loading=\"lazy\" class=\"alignnone wp-image-131 size-full\" src=\"http:\/\/g-informatique33.fr\/wordpress-sp33270\/wp-content\/uploads\/2021\/03\/dsc00678-b-copier.jpg\" alt=\"\" width=\"600\" height=\"338\" srcset=\"http:\/\/g-informatique33.fr\/wordpress-sp33270\/wp-content\/uploads\/2021\/03\/dsc00678-b-copier.jpg 600w, http:\/\/g-informatique33.fr\/wordpress-sp33270\/wp-content\/uploads\/2021\/03\/dsc00678-b-copier-300x169.jpg 300w, http:\/\/g-informatique33.fr\/wordpress-sp33270\/wp-content\/uploads\/2021\/03\/dsc00678-b-copier-500x282.jpg 500w\" sizes=\"(max-width: 600px) 100vw, 600px\" \/><\/p>\n<p><img loading=\"lazy\" class=\"alignnone wp-image-132 size-full\" src=\"http:\/\/g-informatique33.fr\/wordpress-sp33270\/wp-content\/uploads\/2021\/03\/dsc00679-copier.jpg\" alt=\"\" width=\"600\" height=\"338\" srcset=\"http:\/\/g-informatique33.fr\/wordpress-sp33270\/wp-content\/uploads\/2021\/03\/dsc00679-copier.jpg 600w, http:\/\/g-informatique33.fr\/wordpress-sp33270\/wp-content\/uploads\/2021\/03\/dsc00679-copier-300x169.jpg 300w, http:\/\/g-informatique33.fr\/wordpress-sp33270\/wp-content\/uploads\/2021\/03\/dsc00679-copier-500x282.jpg 500w\" sizes=\"(max-width: 600px) 100vw, 600px\" \/><\/p>\n<p><img loading=\"lazy\" class=\"alignnone wp-image-133 size-full\" src=\"http:\/\/g-informatique33.fr\/wordpress-sp33270\/wp-content\/uploads\/2021\/03\/dsc00680-b-copier.jpg\" alt=\"\" width=\"600\" height=\"338\" srcset=\"http:\/\/g-informatique33.fr\/wordpress-sp33270\/wp-content\/uploads\/2021\/03\/dsc00680-b-copier.jpg 600w, http:\/\/g-informatique33.fr\/wordpress-sp33270\/wp-content\/uploads\/2021\/03\/dsc00680-b-copier-300x169.jpg 300w, http:\/\/g-informatique33.fr\/wordpress-sp33270\/wp-content\/uploads\/2021\/03\/dsc00680-b-copier-500x282.jpg 500w\" sizes=\"(max-width: 600px) 100vw, 600px\" \/><\/p>\n<p><img loading=\"lazy\" class=\"alignnone wp-image-134 size-full\" src=\"http:\/\/g-informatique33.fr\/wordpress-sp33270\/wp-content\/uploads\/2021\/03\/dsc00681-b-copier.jpg\" alt=\"\" width=\"600\" height=\"338\" srcset=\"http:\/\/g-informatique33.fr\/wordpress-sp33270\/wp-content\/uploads\/2021\/03\/dsc00681-b-copier.jpg 600w, http:\/\/g-informatique33.fr\/wordpress-sp33270\/wp-content\/uploads\/2021\/03\/dsc00681-b-copier-300x169.jpg 300w, http:\/\/g-informatique33.fr\/wordpress-sp33270\/wp-content\/uploads\/2021\/03\/dsc00681-b-copier-500x282.jpg 500w\" sizes=\"(max-width: 600px) 100vw, 600px\" \/><\/p>\n<p><img loading=\"lazy\" class=\"alignnone wp-image-135 size-full\" src=\"http:\/\/g-informatique33.fr\/wordpress-sp33270\/wp-content\/uploads\/2021\/03\/dsc00694-b-copier.jpg\" alt=\"\" width=\"600\" height=\"338\" srcset=\"http:\/\/g-informatique33.fr\/wordpress-sp33270\/wp-content\/uploads\/2021\/03\/dsc00694-b-copier.jpg 600w, http:\/\/g-informatique33.fr\/wordpress-sp33270\/wp-content\/uploads\/2021\/03\/dsc00694-b-copier-300x169.jpg 300w, http:\/\/g-informatique33.fr\/wordpress-sp33270\/wp-content\/uploads\/2021\/03\/dsc00694-b-copier-500x282.jpg 500w\" sizes=\"(max-width: 600px) 100vw, 600px\" \/><\/p>\n","protected":false},"excerpt":{"rendered":"<p>la chorale a \u00e9t\u00e9 cr\u00e9\u00e9e en 2006 \u00e0 l&rsquo;occasion de la f\u00eate organis\u00e9e par la f\u00e9d\u00e9ration \u00e0 Floirac pour l&rsquo;anniversaire des 70 ans des cong\u00e9s pay\u00e9s, elle se produit lors des bals organis\u00e9s pour les seniors dans la salle Lucie &hellip; <a href=\"http:\/\/g-informatique33.fr\/wordpress-sp33270\/chorale\/\">Continuer la lecture <span class=\"meta-nav\">&rarr;<\/span><\/a><\/p>\n","protected":false},"author":1,"featured_media":0,"parent":0,"menu_order":0,"comment_status":"closed","ping_status":"closed","template":"","meta":[],"_links":{"self":[{"href":"http:\/\/g-informatique33.fr\/wordpress-sp33270\/wp-json\/wp\/v2\/pages\/20"}],"collection":[{"href":"http:\/\/g-informatique33.fr\/wordpress-sp33270\/wp-json\/wp\/v2\/pages"}],"about":[{"href":"http:\/\/g-informatique33.fr\/wordpress-sp33270\/wp-json\/wp\/v2\/types\/page"}],"author":[{"embeddable":true,"href":"http:\/\/g-informatique33.fr\/wordpress-sp33270\/wp-json\/wp\/v2\/users\/1"}],"replies":[{"embeddable":true,"href":"http:\/\/g-informatique33.fr\/wordpress-sp33270\/wp-json\/wp\/v2\/comments?post=20"}],"version-history":[{"count":3,"href":"http:\/\/g-informatique33.fr\/wordpress-sp33270\/wp-json\/wp\/v2\/pages\/20\/revisions"}],"predecessor-version":[{"id":136,"href":"http:\/\/g-informatique33.fr\/wordpress-sp33270\/wp-json\/wp\/v2\/pages\/20\/revisions\/136"}],"wp:attachment":[{"href":"http:\/\/g-informatique33.fr\/wordpress-sp33270\/wp-json\/wp\/v2\/media?parent=20"}],"curies":[{"name":"wp","href":"https:\/\/api.w.org\/{rel}","templated":true}]}}