{"id":4,"date":"2020-09-02T17:32:01","date_gmt":"2020-09-02T16:32:01","guid":{"rendered":"http:\/\/g-informatique33.fr\/wordpress-sp33270\/?page_id=4"},"modified":"2021-12-13T17:35:41","modified_gmt":"2021-12-13T16:35:41","slug":"accueil","status":"publish","type":"page","link":"http:\/\/g-informatique33.fr\/wordpress-sp33270\/","title":{"rendered":"Accueil"},"content":{"rendered":"<p>Comit\u00e9 de Floirac\/Bouliac du Secours Populaire Fran\u00e7ais<img loading=\"lazy\" class=\"alignnone size-full wp-image-101\" src=\"http:\/\/g-informatique33.fr\/wordpress-sp33270\/wp-content\/uploads\/2021\/03\/agrement_par_comite-1.jpg\" alt=\"\" width=\"183\" height=\"78\" \/><\/p>\n<p>1 rue Diderot \u2013 33270 FLOIRAC<\/p>\n<p>Tel\u00a0: 05 56 86 17 99<\/p>\n<p>E-mail\u00a0:\u00a0<a href=\"mailto:spf.floirac@wanadoo.fr\">spf.floirac@wanadoo.fr<\/a><\/p>\n<p>CCP 7969 12 C Bordeaux<\/p>\n<p>le nouveau bureau du comit\u00e9 a \u00e9t\u00e9 \u00e9lu lors de l&rsquo;assembl\u00e9e g\u00e9n\u00e9rale statuaire qui s&rsquo;est tenue le 1er octobre 2021 \u00e0 la Maison des Sports \u00e0 FLOIRAC<\/p>\n<p>il est compos\u00e9 de 8 b\u00e9n\u00e9voles soit 5 femmes et 3 hommes<\/p>\n<p>Secr\u00e9taire G\u00e9n\u00e9ral : Daniel BRUN<\/p>\n<p>tr\u00e9sori\u00e8re : Marie Th\u00e9r\u00e8se LARRIEU<\/p>\n<p>Autres membres : Sylvie GALAN, Eliane MARTIN, Juliette BORDAS, Sylvie MALLEK, Sa\u00efd BOUJEMA, Luc MARCHETTI<\/p>\n<ul>\n<li>le bureau du comit\u00e9 se r\u00e9unit tous les premiers mardi du mois<\/li>\n<li>les b\u00e9n\u00e9voles sont invit\u00e9s \u00e0 deux r\u00e9unions g\u00e9n\u00e9rales par an ; Janvier, Juin ou Octobre<\/li>\n<li>le comit\u00e9 est compos\u00e9 de 100 b\u00e9n\u00e9voles dont 40 pr\u00e9sents toutes les semaines dans les locaux et faisant partie de diff\u00e9rentes \u00e9quipes\u00a0; accueil\/dossiers- Tri V\u00eatements- distribution alimentaire- \u00e9quipes boutique v\u00eatements- manutention\/ravitaillement<\/li>\n<li>tous les b\u00e9n\u00e9voles re\u00e7oivent tous les trimestres une feuille d\u2019information intitul\u00e9e \u00ab l\u2019Echo du Secours \u00bb leur rappelant les activit\u00e9s du trimestre et les informant sur la marche du comit\u00e9.<\/li>\n<\/ul>\n<p>Contacts\u00a0: pour devenir b\u00e9n\u00e9vole au comit\u00e9 ou pour obtenir des renseignements pour l\u2019\u00e9tablissement d\u2019un dossier d\u2019aide , le comit\u00e9 est ouvert tous les lundi, mardi , mercredi<\/p>\n<p>De 9 h \u00e0 midi et de 14 h \u00e0 17 h et le jeudi matin de 9 h \u00e0 midi.<\/p>\n<p>DEVENIR BENEVOLE\u00a0:<\/p>\n<ul>\n<li>En devenant b\u00e9n\u00e9vole on fait sienne la devise du Secours Populaire Fran\u00e7ais \u00ab\u00a0Tout ce qui est humain est n\u00f4tre\u00a0\u00bb . On s\u2019engage ainsi \u00e0 apporter son soutien aux plus d\u00e9munis quelles que soient leurs origines , leurs appartenances religieuses ou philosophiques.<\/li>\n<\/ul>\n<ul>\n<li>le nouveau b\u00e9n\u00e9vole est int\u00e9gr\u00e9 \u00e0 un groupe et participera aux diff\u00e9rences actions du comit\u00e9\u00a0:<\/li>\n<\/ul>\n<p>&#8211;\u00a0\u00a0\u00a0\u00a0\u00a0\u00a0\u00a0\u00a0\u00a0 organisation de quatre grandes braderies annuelles<\/p>\n<p>&#8211;\u00a0 \u00a0 \u00a0 \u00a0 \u00a0 participation \u00e0 des actions ext\u00e9rieures<\/p>\n<p>&#8211;\u00a0\u00a0\u00a0\u00a0\u00a0\u00a0\u00a0\u00a0\u00a0 participation aux collectes alimentaires et aux collectes de fournitures scolaires<\/p>\n<p>et suivant les possibilit\u00e9s\u00a0:<\/p>\n<p>&#8211;\u00a0\u00a0\u00a0\u00a0\u00a0\u00a0\u00a0\u00a0\u00a0 participation \u00e0 la distribution alimentaire<\/p>\n<p>&#8211;\u00a0\u00a0\u00a0\u00a0\u00a0\u00a0\u00a0\u00a0\u00a0 participation \u00e0 la distribution de v\u00eatements<\/p>\n<p>&#8211;\u00a0\u00a0\u00a0\u00a0\u00a0\u00a0\u00a0\u00a0\u00a0 aide \u00e0 l\u2019\u00e9quipe manutention<\/p>\n<p>&#8211;\u00a0\u00a0\u00a0\u00a0\u00a0\u00a0\u00a0\u00a0\u00a0 participation au travail administratif<\/p>\n<p>&#8211;\u00a0\u00a0\u00a0\u00a0\u00a0\u00a0\u00a0\u00a0\u00a0 aide \u00e0 l\u2019accompagnement d\u2019enfants et des familles aux spectacles culturels ou aux \u00e9v\u00e8nements sportifs<\/p>\n<p>QUE FAUT-IL PRESENTER pour BENEFICIER de notre AIDE\u00a0?<\/p>\n<ul>\n<li>une demande d\u2019aide d\u2019assistance sociale (MDSI\u00a0, MAIRIE, CRAMA) plus celle du tuteur ou du curateur s\u2019il y a lieu<\/li>\n<li>votre livret de famille<\/li>\n<li>votre carte d\u2019assur\u00e9 social ou de CMU<\/li>\n<\/ul>\n<p>Vos attestations de ressources\u00a0:<\/p>\n<ul>\n<li>vos trois derniers bulletins de salaires<\/li>\n<li>vos trois derniers bulletins d\u2019Ass\u00e9dic, Retraite, Pension<\/li>\n<li>de bourses d\u2019\u00e9tudes<\/li>\n<li>vos relev\u00e9s CAF ( AF,APL, RSA)<\/li>\n<li>pension alimentaire ( jugement de divorce)<\/li>\n<\/ul>\n<p>Les justificatifs de d\u00e9penses\u00a0:<\/p>\n<ul>\n<li>appel de loyer et charges associ\u00e9es<\/li>\n<li>pension alimentaire (jugement de divorce)<\/li>\n<li>votre avis d\u2019imposition<\/li>\n<\/ul>\n<p>une b\u00e9n\u00e9vole sera \u00e0 votre \u00e9coute dans la plus grande discr\u00e9tion<\/p>\n<p>le lundi apr\u00e8s-midi de 14 h \u00e0 16 h 30 et le jeudi matin de 9 h \u00e0 11 h 30<\/p>\n<p>Si\u00a0 votre dossier est accept\u00e9 , vous pouvez b\u00e9n\u00e9ficier\u00a0;<\/p>\n<ul>\n<li>d\u2019un colis alimentaire \u00a0tous les quinze jours<\/li>\n<li>d\u2019aide pour les vacances familiales ou pour les enfants de 8 \u00e0 12 ans<\/li>\n<li>d&rsquo;aide pour le sport<\/li>\n<li>d\u2019aide pour les cours de danse et de musique pour les enfants inscrits dans ces \u00e9coles de Floirac<\/li>\n<li>d\u2019un colis de No\u00ebl<\/li>\n<li>de jouets pour les enfants jusqu\u2019\u00e0 8 ans .<\/li>\n<li>de sorties pour les spectacles ou aux \u00e9v\u00e8nements sportifs<\/li>\n<\/ul>\n<p>D\u2019autre part si vous \u00eates en ch\u00f4mage le comit\u00e9 vous apporte son aide pour vos rapports avec les organismes officiels pour la recherche d\u2019emploi.<\/p>\n<p>ATTENTION : le comit\u00e9 accueille toute personne habitant les communes de Floirac et Bouliac se pr\u00e9sentant pour une aide alimentaire m\u00eame si le dossier n&rsquo;est pas encore fait.<\/p>\n<p>COMMENT nous FONCTIONNONS\u00a0:<\/p>\n<ul>\n<li>pour la distribution alimentaire , une carte vous sera \u00e9tablie pour une dur\u00e9e de 6 semaines , elle pourra \u00eatre renouvel\u00e9e<\/li>\n<\/ul>\n<p>&#8211; avec cette carte vous vous pr\u00e9senterez \u00e0 l\u2019heure et au jour indiqu\u00e9s , soit le mardi<\/p>\n<p>apr\u00e8s-midi de 14h \u00e0 16h 30 soit le Jeudi apr\u00e8s-midi aux m\u00eames heures, il vous sera demand\u00e9 de respecter l\u2019heure et le jour.<\/p>\n<p>Il vous sera demand\u00e9 une participation, chaque fois , de 1 \u20ac par personne , \u00e0 chaque fois vous recevrez des points qui vous permettront de remplir votre panier suivant votre choix\u00a0.<\/p>\n<p>en plus une fois par mois vous recevrez gratuitement une dotation mensuelle de produits<\/p>\n<p>indispensables et int\u00e9ressants, huile, caf\u00e9, sucre , les quantit\u00e9s vous seront remises suivant<\/p>\n<p>la composition de votre famille.<\/p>\n<p>Pendant les mois de Juillet Ao\u00fbt les b\u00e9n\u00e9voles assurent une permanence pour les colis d\u2019urgence et pour les personnes justifiant d&rsquo;un faible quotient.<\/p>\n<ul>\n<li>pour la boutique v\u00eatements\u00a0:<\/li>\n<\/ul>\n<p>&#8211;\u00a0\u00a0\u00a0\u00a0\u00a0\u00a0\u00a0\u00a0\u00a0 elle est ouverte \u00e0 tout public , les v\u00eatements sont remis\u00a0 contre une\u00a0 l\u00e9g\u00e8re participation<\/p>\n<p><strong>la boutique fonctionne tous les mardi et jeudi apr\u00e8s-midi de 14 h \u00e0 16 h 30 sauf<\/strong>\u00a0pendant les mois de Juillet et Ao\u00fbt.<\/p>\n<p><strong>POUR FAIRE un DON au COMITE\u00a0:<\/strong><\/p>\n<p>Le Secours Populaire Fran\u00e7ais lance tous les ans 5 campagnes\u00a0:<\/p>\n<p>&#8211;\u00a0\u00a0\u00a0\u00a0\u00a0\u00a0\u00a0\u00a0\u00a0 les Carnets de DON ACTION<\/p>\n<p>&#8211;\u00a0\u00a0\u00a0\u00a0\u00a0\u00a0\u00a0\u00a0\u00a0 la campagne internationale<\/p>\n<p>&#8211;\u00a0\u00a0\u00a0\u00a0\u00a0\u00a0\u00a0\u00a0\u00a0 la campagne pauvret\u00e9 pr\u00e9carit\u00e9<\/p>\n<p>&#8211;\u00a0\u00a0\u00a0\u00a0\u00a0\u00a0\u00a0\u00a0\u00a0 la campagne vacances<\/p>\n<p>&#8211;\u00a0\u00a0\u00a0\u00a0\u00a0\u00a0\u00a0\u00a0\u00a0 la campagne p\u00e8re No\u00ebl vert<\/p>\n<p><strong>si vous souhaitez adresser un DON au comit\u00e9 pour une de ces campagnes\u00a0, adressez votre ch\u00e8que au comit\u00e9 en sp\u00e9cifiant au dos le nom de la campagne concern\u00e9e.<\/strong><\/p>\n<p><strong>Savez-vous qu\u2019en versant un don de 20 \u20ac par exemple vous pourrez d\u00e9duire 12 \u20ac lors de l\u2019\u00e9tablissement de votre feuille d\u2019imp\u00f4t.<\/strong><\/p>\n<p>Vous souhaitez d\u00e9poser des v\u00eatements ou de la vaisselle ou de la brocante , nous vous invitons \u00e0 les d\u00e9poser \u00e0 l&rsquo;adresse suivante :<\/p>\n<ul>\n<li>tous les lundi matin de 9 h \u00e0 11 h 30 au N\u00b01 bis rue de la fraternit\u00e9<\/li>\n<\/ul>\n","protected":false},"excerpt":{"rendered":"<p>Comit\u00e9 de Floirac\/Bouliac du Secours Populaire Fran\u00e7ais 1 rue Diderot \u2013 33270 FLOIRAC Tel\u00a0: 05 56 86 17 99 E-mail\u00a0:\u00a0spf.floirac@wanadoo.fr CCP 7969 12 C Bordeaux le nouveau bureau du comit\u00e9 a \u00e9t\u00e9 \u00e9lu lors de l&rsquo;assembl\u00e9e g\u00e9n\u00e9rale statuaire qui s&rsquo;est &hellip; <a href=\"http:\/\/g-informatique33.fr\/wordpress-sp33270\/\">Continuer la lecture <span class=\"meta-nav\">&rarr;<\/span><\/a><\/p>\n","protected":false},"author":1,"featured_media":0,"parent":0,"menu_order":0,"comment_status":"closed","ping_status":"closed","template":"","meta":[],"_links":{"self":[{"href":"http:\/\/g-informatique33.fr\/wordpress-sp33270\/wp-json\/wp\/v2\/pages\/4"}],"collection":[{"href":"http:\/\/g-informatique33.fr\/wordpress-sp33270\/wp-json\/wp\/v2\/pages"}],"about":[{"href":"http:\/\/g-informatique33.fr\/wordpress-sp33270\/wp-json\/wp\/v2\/types\/page"}],"author":[{"embeddable":true,"href":"http:\/\/g-informatique33.fr\/wordpress-sp33270\/wp-json\/wp\/v2\/users\/1"}],"replies":[{"embeddable":true,"href":"http:\/\/g-informatique33.fr\/wordpress-sp33270\/wp-json\/wp\/v2\/comments?post=4"}],"version-history":[{"count":10,"href":"http:\/\/g-informatique33.fr\/wordpress-sp33270\/wp-json\/wp\/v2\/pages\/4\/revisions"}],"predecessor-version":[{"id":144,"href":"http:\/\/g-informatique33.fr\/wordpress-sp33270\/wp-json\/wp\/v2\/pages\/4\/revisions\/144"}],"wp:attachment":[{"href":"http:\/\/g-informatique33.fr\/wordpress-sp33270\/wp-json\/wp\/v2\/media?parent=4"}],"curies":[{"name":"wp","href":"https:\/\/api.w.org\/{rel}","templated":true}]}}