{"id":8,"date":"2020-09-02T17:37:18","date_gmt":"2020-09-02T16:37:18","guid":{"rendered":"http:\/\/g-informatique33.fr\/wordpress-sp33270\/?page_id=8"},"modified":"2021-12-13T17:48:33","modified_gmt":"2021-12-13T16:48:33","slug":"alertes-solidarite","status":"publish","type":"page","link":"http:\/\/g-informatique33.fr\/wordpress-sp33270\/alertes-solidarite\/","title":{"rendered":"Alertes Solidarit\u00e9"},"content":{"rendered":"<p><strong>Solidarit\u00e9<\/strong><\/p>\n<p>suite aux inondations dans le SUD OUEST du 11 d\u00e9cembre 2021 , un appel aux dons est lanc\u00e9 par le Secours Populaire pour venir en aide aux sinistr\u00e9s.<\/p>\n<p>Vos dons , par ch\u00e8ques, peuvent \u00eatre adress\u00e9s \u00e0 l&rsquo;adresse suivante:<\/p>\n<p>SECOURS POPULAIRE FRANCAIS 1 rue Diderot FLOIRAC 33270<\/p>\n<p>en sp\u00e9cifiant \u00a0\u00bb pour les sinistr\u00e9s du SUD OUEST\u00a0\u00bb<\/p>\n","protected":false},"excerpt":{"rendered":"<p>Solidarit\u00e9 suite aux inondations dans le SUD OUEST du 11 d\u00e9cembre 2021 , un appel aux dons est lanc\u00e9 par le Secours Populaire pour venir en aide aux sinistr\u00e9s. Vos dons , par ch\u00e8ques, peuvent \u00eatre adress\u00e9s \u00e0 l&rsquo;adresse suivante: &hellip; <a href=\"http:\/\/g-informatique33.fr\/wordpress-sp33270\/alertes-solidarite\/\">Continuer la lecture <span class=\"meta-nav\">&rarr;<\/span><\/a><\/p>\n","protected":false},"author":1,"featured_media":0,"parent":0,"menu_order":0,"comment_status":"closed","ping_status":"closed","template":"","meta":[],"_links":{"self":[{"href":"http:\/\/g-informatique33.fr\/wordpress-sp33270\/wp-json\/wp\/v2\/pages\/8"}],"collection":[{"href":"http:\/\/g-informatique33.fr\/wordpress-sp33270\/wp-json\/wp\/v2\/pages"}],"about":[{"href":"http:\/\/g-informatique33.fr\/wordpress-sp33270\/wp-json\/wp\/v2\/types\/page"}],"author":[{"embeddable":true,"href":"http:\/\/g-informatique33.fr\/wordpress-sp33270\/wp-json\/wp\/v2\/users\/1"}],"replies":[{"embeddable":true,"href":"http:\/\/g-informatique33.fr\/wordpress-sp33270\/wp-json\/wp\/v2\/comments?post=8"}],"version-history":[{"count":3,"href":"http:\/\/g-informatique33.fr\/wordpress-sp33270\/wp-json\/wp\/v2\/pages\/8\/revisions"}],"predecessor-version":[{"id":150,"href":"http:\/\/g-informatique33.fr\/wordpress-sp33270\/wp-json\/wp\/v2\/pages\/8\/revisions\/150"}],"wp:attachment":[{"href":"http:\/\/g-informatique33.fr\/wordpress-sp33270\/wp-json\/wp\/v2\/media?parent=8"}],"curies":[{"name":"wp","href":"https:\/\/api.w.org\/{rel}","templated":true}]}}