{"id":92,"date":"2020-12-12T18:31:44","date_gmt":"2020-12-12T17:31:44","guid":{"rendered":"http:\/\/g-informatique33.fr\/wordpress-sp33270\/?page_id=92"},"modified":"2021-12-13T18:11:50","modified_gmt":"2021-12-13T17:11:50","slug":"livre-4-benevoles-ecrivent-pendant-le-confinement","status":"publish","type":"page","link":"http:\/\/g-informatique33.fr\/wordpress-sp33270\/livre-4-benevoles-ecrivent-pendant-le-confinement\/","title":{"rendered":"LIVRE \u00ab\u00a04 b\u00e9n\u00e9voles \u00e9crivent pendant le confinement\u00a0\u00bb"},"content":{"rendered":"\n<p>Pendant cette p\u00e9riode de Mars\/Avril 2020 <\/p>\n\n\n\n<p>Marie -Louise JOBINET ( Membre fondatrice du comit\u00e9 en 1992 et doyenne du comit\u00e9- 99 ans)<\/p>\n\n\n\n<p>Nicole BARSANTI , b\u00e9n\u00e9vole, membre de l&rsquo;\u00e9quipe ACCUEIL\/DOSSIERS<\/p>\n\n\n\n<p>Martin MARTINEZ , b\u00e9n\u00e9vole, membre de l&rsquo;\u00e9quipe ACCUEIL\/DOSSIERS<\/p>\n\n\n\n<p>Gilbert BODIN , secr\u00e9taire g\u00e9n\u00e9ral de 2000 \u00e0 2021<\/p>\n\n\n\n<p>ont \u00e9crit des textes courts , qui rassembl\u00e9s on permis l&rsquo;\u00e9dition d&rsquo;un petit livre de 123 pages<\/p>\n\n\n\n<p>des souvenirs personnels mais aussi des photos qui rappellent et font hommage aux <\/p>\n\n\n\n<p>\u00e9quipes qui ont assur\u00e9 la SOLIDARITE pendant le confinement alors que les plus anciens <\/p>\n\n\n\n<p>\u00e9taient confin\u00e9s chez eux.<\/p>\n\n\n\n<p>Ce petit ouvrage est vendu 5 \u20ac et disponible au local du comit\u00e9 , 1 rue Diderot<\/p>\n\n\n\n<p>on le trouve \u00e9galement en vente lors des manifestations organis\u00e9es par le comit\u00e9 <\/p>\n\n\n\n<p>notamment lors des braderies.<\/p>\n\n\n\n<p><\/p>\n\n\n\n<p><\/p>\n","protected":false},"excerpt":{"rendered":"<p>Pendant cette p\u00e9riode de Mars\/Avril 2020 Marie -Louise JOBINET ( Membre fondatrice du comit\u00e9 en 1992 et doyenne du comit\u00e9- 99 ans) Nicole BARSANTI , b\u00e9n\u00e9vole, membre de l&rsquo;\u00e9quipe ACCUEIL\/DOSSIERS Martin MARTINEZ , b\u00e9n\u00e9vole, membre de l&rsquo;\u00e9quipe ACCUEIL\/DOSSIERS Gilbert BODIN &hellip; <a href=\"http:\/\/g-informatique33.fr\/wordpress-sp33270\/livre-4-benevoles-ecrivent-pendant-le-confinement\/\">Continuer la lecture <span class=\"meta-nav\">&rarr;<\/span><\/a><\/p>\n","protected":false},"author":2,"featured_media":0,"parent":0,"menu_order":0,"comment_status":"closed","ping_status":"closed","template":"","meta":[],"_links":{"self":[{"href":"http:\/\/g-informatique33.fr\/wordpress-sp33270\/wp-json\/wp\/v2\/pages\/92"}],"collection":[{"href":"http:\/\/g-informatique33.fr\/wordpress-sp33270\/wp-json\/wp\/v2\/pages"}],"about":[{"href":"http:\/\/g-informatique33.fr\/wordpress-sp33270\/wp-json\/wp\/v2\/types\/page"}],"author":[{"embeddable":true,"href":"http:\/\/g-informatique33.fr\/wordpress-sp33270\/wp-json\/wp\/v2\/users\/2"}],"replies":[{"embeddable":true,"href":"http:\/\/g-informatique33.fr\/wordpress-sp33270\/wp-json\/wp\/v2\/comments?post=92"}],"version-history":[{"count":2,"href":"http:\/\/g-informatique33.fr\/wordpress-sp33270\/wp-json\/wp\/v2\/pages\/92\/revisions"}],"predecessor-version":[{"id":155,"href":"http:\/\/g-informatique33.fr\/wordpress-sp33270\/wp-json\/wp\/v2\/pages\/92\/revisions\/155"}],"wp:attachment":[{"href":"http:\/\/g-informatique33.fr\/wordpress-sp33270\/wp-json\/wp\/v2\/media?parent=92"}],"curies":[{"name":"wp","href":"https:\/\/api.w.org\/{rel}","templated":true}]}}