{"id":107,"date":"2020-06-19T00:49:40","date_gmt":"2020-06-18T22:49:40","guid":{"rendered":"http:\/\/g-informatique33.fr\/wordpress-g-infor-2020\/?page_id=107"},"modified":"2025-03-11T10:10:44","modified_gmt":"2025-03-11T09:10:44","slug":"assistance-a-distance","status":"publish","type":"page","link":"https:\/\/g-informatique33.fr\/wordpress-g-infor-2020\/assistance-a-distance\/","title":{"rendered":"Assistance \u00e0 distance"},"content":{"rendered":"\t\t<div data-elementor-type=\"wp-page\" data-elementor-id=\"107\" class=\"elementor elementor-107\">\n\t\t\t\t\t\t<section class=\"elementor-section elementor-top-section elementor-element elementor-element-3f8badb elementor-section-boxed elementor-section-height-default elementor-section-height-default\" data-id=\"3f8badb\" data-element_type=\"section\" data-e-type=\"section\">\n\t\t\t\t\t\t<div class=\"elementor-container elementor-column-gap-default\">\n\t\t\t\t\t<div class=\"elementor-column elementor-col-100 elementor-top-column elementor-element elementor-element-1e28c4f\" data-id=\"1e28c4f\" data-element_type=\"column\" data-e-type=\"column\">\n\t\t\t<div class=\"elementor-widget-wrap elementor-element-populated\">\n\t\t\t\t\t\t<div class=\"elementor-element elementor-element-b7f33b1 elementor-widget elementor-widget-image\" data-id=\"b7f33b1\" data-element_type=\"widget\" data-e-type=\"widget\" data-widget_type=\"image.default\">\n\t\t\t\t<div class=\"elementor-widget-container\">\n\t\t\t\t\t\t\t\t\t\t\t\t\t\t\t<img fetchpriority=\"high\" decoding=\"async\" width=\"500\" height=\"500\" src=\"https:\/\/g-informatique33.fr\/wordpress-g-infor-2020\/wp-content\/uploads\/2022\/09\/VP-Site-internet-cartouche-facebook-.jpg\" class=\"attachment-large size-large wp-image-524\" alt=\"\" srcset=\"https:\/\/g-informatique33.fr\/wordpress-g-infor-2020\/wp-content\/uploads\/2022\/09\/VP-Site-internet-cartouche-facebook-.jpg 500w, https:\/\/g-informatique33.fr\/wordpress-g-infor-2020\/wp-content\/uploads\/2022\/09\/VP-Site-internet-cartouche-facebook--300x300.jpg 300w, https:\/\/g-informatique33.fr\/wordpress-g-infor-2020\/wp-content\/uploads\/2022\/09\/VP-Site-internet-cartouche-facebook--150x150.jpg 150w\" sizes=\"(max-width: 500px) 100vw, 500px\" \/>\t\t\t\t\t\t\t\t\t\t\t\t\t\t\t<\/div>\n\t\t\t\t<\/div>\n\t\t\t\t\t<\/div>\n\t\t<\/div>\n\t\t\t\t\t<\/div>\n\t\t<\/section>\n\t\t\t\t<section class=\"elementor-section elementor-top-section elementor-element elementor-element-54ca625 elementor-section-boxed elementor-section-height-default elementor-section-height-default\" data-id=\"54ca625\" data-element_type=\"section\" data-e-type=\"section\">\n\t\t\t\t\t\t<div class=\"elementor-container elementor-column-gap-default\">\n\t\t\t\t\t<div class=\"elementor-column elementor-col-100 elementor-top-column elementor-element elementor-element-556dd36\" data-id=\"556dd36\" data-element_type=\"column\" data-e-type=\"column\">\n\t\t\t<div class=\"elementor-widget-wrap elementor-element-populated\">\n\t\t\t\t\t\t<div class=\"elementor-element elementor-element-3dae227 elementor-widget elementor-widget-text-editor\" data-id=\"3dae227\" data-element_type=\"widget\" data-e-type=\"widget\" data-widget_type=\"text-editor.default\">\n\t\t\t\t<div class=\"elementor-widget-container\">\n\t\t\t\t\t\t\t\t\t<p><span style=\"color: #ffffff;\">G-informatique 33 vous aide et vous assiste \u00e0 distance si vous rencontrez des probl\u00e8mes dans l&rsquo;utilisation de vos outils informatiques ou que vous constatez des anomalies dans l&rsquo;utilisation de vos logiciels ou de vos p\u00e9riph\u00e9riques. \u00a0<\/span><\/p><p><span style=\"color: #ffffff;\">G-informatique 33 utilise le logiciel ZOHO une solution tout en un pour r\u00e9aliser cette prise de contr\u00f4le \u00e0 distance en toute s\u00e9curit\u00e9.<\/span><\/p><p style=\"text-align: center;\"><span style=\"color: #ffffff;\">T\u00e9l\u00e9charger et installer le logiciel\u00a0 ZOHO.<\/span><\/p><p style=\"text-align: center;\"><span style=\"color: #ffffff;\">\u00a0<\/span><\/p>\t\t\t\t\t\t\t\t<\/div>\n\t\t\t\t<\/div>\n\t\t\t\t\t<\/div>\n\t\t<\/div>\n\t\t\t\t\t<\/div>\n\t\t<\/section>\n\t\t\t\t<section class=\"elementor-section elementor-top-section elementor-element elementor-element-9b661c4 elementor-section-boxed elementor-section-height-default elementor-section-height-default\" data-id=\"9b661c4\" data-element_type=\"section\" data-e-type=\"section\">\n\t\t\t\t\t\t<div class=\"elementor-container elementor-column-gap-default\">\n\t\t\t\t\t<div class=\"elementor-column elementor-col-100 elementor-top-column elementor-element elementor-element-ea8b379\" data-id=\"ea8b379\" data-element_type=\"column\" data-e-type=\"column\">\n\t\t\t<div class=\"elementor-widget-wrap elementor-element-populated\">\n\t\t\t\t\t\t<div class=\"elementor-element elementor-element-9eee04f elementor-widget elementor-widget-image\" data-id=\"9eee04f\" data-element_type=\"widget\" data-e-type=\"widget\" data-widget_type=\"image.default\">\n\t\t\t\t<div class=\"elementor-widget-container\">\n\t\t\t\t\t\t\t\t\t\t\t\t\t\t\t\t<a href=\"https:\/\/g-informatique33.fr\/wordpress-g-infor-2020\/CustomerPlugin.exe\">\n\t\t\t\t\t\t\t<img decoding=\"async\" width=\"300\" height=\"197\" src=\"https:\/\/g-informatique33.fr\/wordpress-g-infor-2020\/wp-content\/uploads\/2025\/03\/Header-Zoho-300x197.png\" class=\"attachment-medium size-medium wp-image-548\" alt=\"\" srcset=\"https:\/\/g-informatique33.fr\/wordpress-g-infor-2020\/wp-content\/uploads\/2025\/03\/Header-Zoho-300x197.png 300w, https:\/\/g-informatique33.fr\/wordpress-g-infor-2020\/wp-content\/uploads\/2025\/03\/Header-Zoho-1024x673.png 1024w, https:\/\/g-informatique33.fr\/wordpress-g-infor-2020\/wp-content\/uploads\/2025\/03\/Header-Zoho-768x505.png 768w, https:\/\/g-informatique33.fr\/wordpress-g-infor-2020\/wp-content\/uploads\/2025\/03\/Header-Zoho-1536x1009.png 1536w, https:\/\/g-informatique33.fr\/wordpress-g-infor-2020\/wp-content\/uploads\/2025\/03\/Header-Zoho-1200x789.png 1200w, https:\/\/g-informatique33.fr\/wordpress-g-infor-2020\/wp-content\/uploads\/2025\/03\/Header-Zoho.png 1960w\" sizes=\"(max-width: 300px) 100vw, 300px\" \/>\t\t\t\t\t\t\t\t<\/a>\n\t\t\t\t\t\t\t\t\t\t\t\t\t\t\t<\/div>\n\t\t\t\t<\/div>\n\t\t\t\t\t<\/div>\n\t\t<\/div>\n\t\t\t\t\t<\/div>\n\t\t<\/section>\n\t\t\t\t<section class=\"elementor-section elementor-top-section elementor-element elementor-element-ce9a801 elementor-section-boxed elementor-section-height-default elementor-section-height-default\" data-id=\"ce9a801\" data-element_type=\"section\" data-e-type=\"section\">\n\t\t\t\t\t\t<div class=\"elementor-container elementor-column-gap-default\">\n\t\t\t\t\t<div class=\"elementor-column elementor-col-100 elementor-top-column elementor-element elementor-element-30b207f\" data-id=\"30b207f\" data-element_type=\"column\" data-e-type=\"column\">\n\t\t\t<div class=\"elementor-widget-wrap elementor-element-populated\">\n\t\t\t\t\t\t<div class=\"elementor-element elementor-element-c109727 elementor-widget elementor-widget-text-editor\" data-id=\"c109727\" data-element_type=\"widget\" data-e-type=\"widget\" data-widget_type=\"text-editor.default\">\n\t\t\t\t<div class=\"elementor-widget-container\">\n\t\t\t\t\t\t\t\t\t<table border=\"0\" width=\"842\" align=\"center\"><tbody><tr><td align=\"center\"><p><span style=\"color: #000000;\">En informatique, l&rsquo;<b>acc\u00e8s \u00e0 distance<\/b><sup id=\"cite_ref-1\" class=\"reference\"><a style=\"color: #000000;\" href=\"https:\/\/fr.wikipedia.org\/wiki\/Acc%C3%A8s_%C3%A0_distance#cite_note-1\">1<\/a><\/sup>, la\u00a0<b>commande \u00e0 distance<\/b>\u00a0ou encore le\u00a0<b>contr\u00f4le \u00e0 distance<\/b>\u00a0sont des m\u00e9thodes qui permettent, depuis un\u00a0ordinateur\u00a0\u00e9loign\u00e9 et sans limite th\u00e9orique de distance, de prendre le contr\u00f4le d&rsquo;un autre ordinateur en affichant l&rsquo;\u00e9cran\u00a0de celui-ci et en manipulant les fonctions d&rsquo;un\u00a0p\u00e9riph\u00e9rique d&rsquo;entr\u00e9e\u00a0comme un\u00a0clavier. Cet acc\u00e8s peut \u00eatre effectu\u00e9 vers des\u00a0postes de travail\u00a0ou des\u00a0serveurs\u00a0informatique en fonction des possibilit\u00e9s du logiciel utilis\u00e9.<\/span><\/p><p><span style=\"color: #000000;\">Un avantage de ces solutions \u00e0 distance est qu&rsquo;elles permettent au d\u00e9butant en informatique de vivre l&rsquo;exp\u00e9rience en temps r\u00e9el\u00a0: il voit et vit en direct sur son propre\u00a0\u00e9cran\u00a0ce que fait un technicien distant comme si ce dernier \u00e9tait \u00e0 ses c\u00f4t\u00e9s.<\/span><\/p><p><span style=\"color: #000000;\">L&rsquo;acc\u00e8s \u00e0 distance est une \u00e9volution importante dans l&rsquo;informatique\u00a0: les utilisateurs peuvent \u00eatre d\u00e9pann\u00e9s facilement et rapidement sans d\u00e9placement g\u00e9ographique d&rsquo;un technicien. Selon\u00a0Sun Microsystems, 80\u00a0% des probl\u00e8mes informatiques rencontr\u00e9s aujourd&rsquo;hui peuvent \u00eatre r\u00e9solus avec cette m\u00e9thode.<\/span><\/p><p><span style=\"color: #000000;\">( source :\u00a0https:\/\/fr.wikipedia.org\/wiki\/Acc%C3%A8s_%C3%A0_distance ).<\/span><\/p><\/td><\/tr><\/tbody><\/table>\t\t\t\t\t\t\t\t<\/div>\n\t\t\t\t<\/div>\n\t\t\t\t\t<\/div>\n\t\t<\/div>\n\t\t\t\t\t<\/div>\n\t\t<\/section>\n\t\t\t\t<\/div>\n\t\t","protected":false},"excerpt":{"rendered":"<p>G-informatique 33 vous aide et vous assiste \u00e0 distance si vous rencontrez des probl\u00e8mes dans l&rsquo;utilisation de vos outils informatiques ou que vous constatez des anomalies dans l&rsquo;utilisation de vos logiciels ou de vos p\u00e9riph\u00e9riques. \u00a0 G-informatique 33 utilise le logiciel ZOHO une solution tout en un pour r\u00e9aliser cette prise de contr\u00f4le \u00e0 distance [&hellip;]<\/p>\n","protected":false},"author":1,"featured_media":0,"parent":0,"menu_order":0,"comment_status":"closed","ping_status":"closed","template":"elementor_header_footer","meta":{"footnotes":""},"class_list":["post-107","page","type-page","status-publish","hentry"],"_links":{"self":[{"href":"https:\/\/g-informatique33.fr\/wordpress-g-infor-2020\/wp-json\/wp\/v2\/pages\/107","targetHints":{"allow":["GET"]}}],"collection":[{"href":"https:\/\/g-informatique33.fr\/wordpress-g-infor-2020\/wp-json\/wp\/v2\/pages"}],"about":[{"href":"https:\/\/g-informatique33.fr\/wordpress-g-infor-2020\/wp-json\/wp\/v2\/types\/page"}],"author":[{"embeddable":true,"href":"https:\/\/g-informatique33.fr\/wordpress-g-infor-2020\/wp-json\/wp\/v2\/users\/1"}],"replies":[{"embeddable":true,"href":"https:\/\/g-informatique33.fr\/wordpress-g-infor-2020\/wp-json\/wp\/v2\/comments?post=107"}],"version-history":[{"count":27,"href":"https:\/\/g-informatique33.fr\/wordpress-g-infor-2020\/wp-json\/wp\/v2\/pages\/107\/revisions"}],"predecessor-version":[{"id":552,"href":"https:\/\/g-informatique33.fr\/wordpress-g-infor-2020\/wp-json\/wp\/v2\/pages\/107\/revisions\/552"}],"wp:attachment":[{"href":"https:\/\/g-informatique33.fr\/wordpress-g-infor-2020\/wp-json\/wp\/v2\/media?parent=107"}],"curies":[{"name":"wp","href":"https:\/\/api.w.org\/{rel}","templated":true}]}}