{"id":127,"date":"2020-06-22T13:41:59","date_gmt":"2020-06-22T11:41:59","guid":{"rendered":"http:\/\/g-informatique33.fr\/wordpress-g-infor-2020\/?page_id=127"},"modified":"2020-07-08T12:49:30","modified_gmt":"2020-07-08T10:49:30","slug":"mention-legal","status":"publish","type":"page","link":"https:\/\/g-informatique33.fr\/wordpress-g-infor-2020\/mention-legal\/","title":{"rendered":"Mentions l\u00e9gales"},"content":{"rendered":"\t\t<div data-elementor-type=\"wp-page\" data-elementor-id=\"127\" class=\"elementor elementor-127\">\n\t\t\t\t\t\t<section class=\"elementor-section elementor-top-section elementor-element elementor-element-07f1476 elementor-section-boxed elementor-section-height-default elementor-section-height-default\" data-id=\"07f1476\" data-element_type=\"section\" data-e-type=\"section\">\n\t\t\t\t\t\t<div class=\"elementor-container elementor-column-gap-default\">\n\t\t\t\t\t<div class=\"elementor-column elementor-col-100 elementor-top-column elementor-element elementor-element-6c28875\" data-id=\"6c28875\" data-element_type=\"column\" data-e-type=\"column\">\n\t\t\t<div class=\"elementor-widget-wrap elementor-element-populated\">\n\t\t\t\t\t\t<div class=\"elementor-element elementor-element-fb979d2 elementor-widget elementor-widget-image\" data-id=\"fb979d2\" data-element_type=\"widget\" data-e-type=\"widget\" data-widget_type=\"image.default\">\n\t\t\t\t<div class=\"elementor-widget-container\">\n\t\t\t\t\t\t\t\t\t\t\t\t\t\t\t<img fetchpriority=\"high\" decoding=\"async\" width=\"300\" height=\"300\" src=\"https:\/\/g-informatique33.fr\/wordpress-g-infor-2020\/wp-content\/uploads\/2020\/07\/logo-g-informatique33-2020n2-300x300.png\" class=\"attachment-medium size-medium wp-image-214\" alt=\"\" srcset=\"https:\/\/g-informatique33.fr\/wordpress-g-infor-2020\/wp-content\/uploads\/2020\/07\/logo-g-informatique33-2020n2-300x300.png 300w, https:\/\/g-informatique33.fr\/wordpress-g-infor-2020\/wp-content\/uploads\/2020\/07\/logo-g-informatique33-2020n2-1024x1024.png 1024w, https:\/\/g-informatique33.fr\/wordpress-g-infor-2020\/wp-content\/uploads\/2020\/07\/logo-g-informatique33-2020n2-150x150.png 150w, https:\/\/g-informatique33.fr\/wordpress-g-infor-2020\/wp-content\/uploads\/2020\/07\/logo-g-informatique33-2020n2-768x768.png 768w, https:\/\/g-informatique33.fr\/wordpress-g-infor-2020\/wp-content\/uploads\/2020\/07\/logo-g-informatique33-2020n2-1200x1200.png 1200w, https:\/\/g-informatique33.fr\/wordpress-g-infor-2020\/wp-content\/uploads\/2020\/07\/logo-g-informatique33-2020n2.png 1500w\" sizes=\"(max-width: 300px) 100vw, 300px\" \/>\t\t\t\t\t\t\t\t\t\t\t\t\t\t\t<\/div>\n\t\t\t\t<\/div>\n\t\t\t\t\t<\/div>\n\t\t<\/div>\n\t\t\t\t\t<\/div>\n\t\t<\/section>\n\t\t\t\t<section class=\"elementor-section elementor-top-section elementor-element elementor-element-81e8fc6 elementor-section-boxed elementor-section-height-default elementor-section-height-default\" data-id=\"81e8fc6\" data-element_type=\"section\" data-e-type=\"section\">\n\t\t\t\t\t\t<div class=\"elementor-container elementor-column-gap-default\">\n\t\t\t\t\t<div class=\"elementor-column elementor-col-100 elementor-top-column elementor-element elementor-element-b82c76c\" data-id=\"b82c76c\" data-element_type=\"column\" data-e-type=\"column\">\n\t\t\t<div class=\"elementor-widget-wrap elementor-element-populated\">\n\t\t\t\t\t\t<div class=\"elementor-element elementor-element-71bbda9 elementor-widget elementor-widget-heading\" data-id=\"71bbda9\" data-element_type=\"widget\" data-e-type=\"widget\" data-widget_type=\"heading.default\">\n\t\t\t\t<div class=\"elementor-widget-container\">\n\t\t\t\t\t<h2 class=\"elementor-heading-title elementor-size-default\">MENTIONS L\u00c9GALES<\/h2>\t\t\t\t<\/div>\n\t\t\t\t<\/div>\n\t\t\t\t\t<\/div>\n\t\t<\/div>\n\t\t\t\t\t<\/div>\n\t\t<\/section>\n\t\t\t\t<section class=\"elementor-section elementor-top-section elementor-element elementor-element-198d465 elementor-section-boxed elementor-section-height-default elementor-section-height-default\" data-id=\"198d465\" data-element_type=\"section\" data-e-type=\"section\">\n\t\t\t\t\t\t<div class=\"elementor-container elementor-column-gap-default\">\n\t\t\t\t\t<div class=\"elementor-column elementor-col-100 elementor-top-column elementor-element elementor-element-706cb77\" data-id=\"706cb77\" data-element_type=\"column\" data-e-type=\"column\">\n\t\t\t<div class=\"elementor-widget-wrap elementor-element-populated\">\n\t\t\t\t\t\t<div class=\"elementor-element elementor-element-c326335 elementor-widget elementor-widget-text-editor\" data-id=\"c326335\" data-element_type=\"widget\" data-e-type=\"widget\" data-widget_type=\"text-editor.default\">\n\t\t\t\t<div class=\"elementor-widget-container\">\n\t\t\t\t\t\t\t\t\t<h5><span style=\"color: #ffffff;\">En vigueur au 01\/01\/2020<\/span><\/h5><p><span style=\"color: #ffffff;\">Conform\u00e9ment aux dispositions des Articles 6-III et 19 de la Loi n\u00b02004-575 du 21 juin 2004 pour la Confiance<\/span><br \/><span style=\"color: #ffffff;\">dans l\u2019\u00e9conomie num\u00e9rique, dite L.C.E.N., il est port\u00e9 \u00e0 la connaissance des Utilisateurs du site<\/span><br \/><span style=\"color: #ffffff;\">G.informatique33.fr les pr\u00e9sentes mentions l\u00e9gales.<\/span><br \/><span style=\"color: #ffffff;\">La connexion et la navigation sur le site (indiquer le nom du site) par l\u2019Utilisateur implique acceptation int\u00e9grale et<\/span><br \/><span style=\"color: #ffffff;\">sans r\u00e9serve des pr\u00e9sentes mentions l\u00e9gales.<\/span><br \/><span style=\"color: #ffffff;\">Ces derni\u00e8res sont accessibles sur le site \u00e0 la rubrique \u00ab Mentions l\u00e9gales \u00bb.<\/span><\/p><p><span style=\"color: #ffffff;\">ARTICLE 1 : L\u2019\u00c9DITEUR<\/span><br \/><span style=\"color: #ffffff;\">L&rsquo;\u00e9dition du site G.informatique33.fr est assur\u00e9e par la Soci\u00e9t\u00e9 SOLER JEROME G-informatique33, immatricul\u00e9e au RCS de Saint andr\u00e9 de CUBZAC sous le num\u00e9ro\u00a0<\/span><span style=\"color: #ffffff;\">51195498400049 dont le si\u00e8ge social est situ\u00e9 au 320 Chemin de GOMBAUD, num\u00e9ro de t\u00e9l\u00e9phone 0689838096,<\/span><br \/><span style=\"color: #ffffff;\">adresse e-mail : g.informatique33@gmail.com.<\/span><\/p><p><span style=\"color: #ffffff;\">Le Directeur de la publication est\u00a0<\/span><span style=\"color: #ffffff; letter-spacing: -0.27px; font-size: 1.8rem;\">SOLER JEROME<\/span><\/p><p><span style=\"color: #ffffff;\">ARTICLE 2 : L\u2019H\u00c9BERGEUR<\/span><br \/><span style=\"color: #ffffff;\">L&rsquo;h\u00e9bergeur du site G.informatique33.fr est la Soci\u00e9t\u00e9 1&amp;1 Internet SARL, dont le si\u00e8ge social est situ\u00e9 au Service<\/span><br \/><span style=\"color: #ffffff;\">Comptable 7, place de la Gare BP 70109 57201 Sarreguemines Cedex , avec le num\u00e9ro de t\u00e9l\u00e9phone : 0970 808911.<\/span><\/p><p><span style=\"color: #ffffff;\">ARTICLE 3 : ACC\u00c8S AU SITE<\/span><br \/><span style=\"color: #ffffff;\">Le site est accessible par tout endroit, 7j\/7, 24h\/24 sauf cas de force majeure, interruption programm\u00e9e ou non et<\/span><br \/><span style=\"color: #ffffff;\">pouvant d\u00e9couler d\u2019une n\u00e9cessit\u00e9 de maintenance.<\/span><br \/><span style=\"color: #ffffff;\">En cas de modification, interruption ou suspension des services le site G.informatique33.fr ne saurait \u00eatre tenu<\/span><br \/><span style=\"color: #ffffff;\">responsable.<\/span><\/p><p><span style=\"color: #ffffff;\">ARTICLE 4 : COLLECTE DES DONN\u00c9ES<\/span><br \/><span style=\"color: #ffffff;\">Le site est exempt\u00e9 de d\u00e9claration \u00e0 la Commission Nationale Informatique et Libert\u00e9s (CNIL) dans la mesure o\u00f9 il<\/span><br \/><span style=\"color: #ffffff;\">ne collecte aucune donn\u00e9e concernant les utilisateurs.<\/span><\/p><p><span style=\"color: #000000;\">ARTICLE 5 : COOKIES<\/span><br \/><span style=\"color: #000000;\">L\u2019Utilisateur est inform\u00e9 que lors de ses visites sur le site, un cookie peut s\u2019installer automatiquement sur son<\/span><br \/><span style=\"color: #000000;\">logiciel de navigation.<\/span><br \/><span style=\"color: #000000;\">En naviguant sur le site, il les accepte.<\/span><br \/><span style=\"color: #000000;\">Un cookie est un \u00e9l\u00e9ment qui ne permet pas d\u2019identifier l\u2019Utilisateur mais sert \u00e0 enregistrer des informations<\/span><br \/><span style=\"color: #000000;\">relatives \u00e0 la navigation de celui-ci sur le site Internet. L\u2019Utilisateur pourra d\u00e9sactiver ce cookie par l\u2019interm\u00e9diaire<\/span><br \/><span style=\"color: #000000;\">des param\u00e8tres figurant au sein de son logiciel de navigation.<\/span><\/p><p><span style=\"color: #000000;\">ARTICLE 6 : PROPRI\u00c9T\u00c9 INTELLECTUELLE<\/span><br \/><span style=\"color: #000000;\">Toute utilisation, reproduction, diffusion, commercialisation, modification de toute ou partie du site<\/span><br \/><span style=\"color: #000000;\">G.informatique33.fr, sans autorisation de l\u2019Editeur est prohib\u00e9e et pourra entra\u00een\u00e9e des actions et poursuites<\/span><br \/><span style=\"color: #000000;\">judiciaires telles que notamment pr\u00e9vues par le Code de la propri\u00e9t\u00e9 intellectuelle et le Code civil.<\/span><\/p>\t\t\t\t\t\t\t\t<\/div>\n\t\t\t\t<\/div>\n\t\t\t\t\t<\/div>\n\t\t<\/div>\n\t\t\t\t\t<\/div>\n\t\t<\/section>\n\t\t\t\t<\/div>\n\t\t","protected":false},"excerpt":{"rendered":"<p>MENTIONS L\u00c9GALES En vigueur au 01\/01\/2020 Conform\u00e9ment aux dispositions des Articles 6-III et 19 de la Loi n\u00b02004-575 du 21 juin 2004 pour la Confiancedans l\u2019\u00e9conomie num\u00e9rique, dite L.C.E.N., il est port\u00e9 \u00e0 la connaissance des Utilisateurs du siteG.informatique33.fr les pr\u00e9sentes mentions l\u00e9gales.La connexion et la navigation sur le site (indiquer le nom du site) [&hellip;]<\/p>\n","protected":false},"author":1,"featured_media":0,"parent":0,"menu_order":0,"comment_status":"closed","ping_status":"closed","template":"elementor_header_footer","meta":{"footnotes":""},"class_list":["post-127","page","type-page","status-publish","hentry"],"_links":{"self":[{"href":"https:\/\/g-informatique33.fr\/wordpress-g-infor-2020\/wp-json\/wp\/v2\/pages\/127","targetHints":{"allow":["GET"]}}],"collection":[{"href":"https:\/\/g-informatique33.fr\/wordpress-g-infor-2020\/wp-json\/wp\/v2\/pages"}],"about":[{"href":"https:\/\/g-informatique33.fr\/wordpress-g-infor-2020\/wp-json\/wp\/v2\/types\/page"}],"author":[{"embeddable":true,"href":"https:\/\/g-informatique33.fr\/wordpress-g-infor-2020\/wp-json\/wp\/v2\/users\/1"}],"replies":[{"embeddable":true,"href":"https:\/\/g-informatique33.fr\/wordpress-g-infor-2020\/wp-json\/wp\/v2\/comments?post=127"}],"version-history":[{"count":11,"href":"https:\/\/g-informatique33.fr\/wordpress-g-infor-2020\/wp-json\/wp\/v2\/pages\/127\/revisions"}],"predecessor-version":[{"id":289,"href":"https:\/\/g-informatique33.fr\/wordpress-g-infor-2020\/wp-json\/wp\/v2\/pages\/127\/revisions\/289"}],"wp:attachment":[{"href":"https:\/\/g-informatique33.fr\/wordpress-g-infor-2020\/wp-json\/wp\/v2\/media?parent=127"}],"curies":[{"name":"wp","href":"https:\/\/api.w.org\/{rel}","templated":true}]}}